{"id":1789,"date":"2024-03-08T15:37:27","date_gmt":"2024-03-08T14:37:27","guid":{"rendered":"https:\/\/www.tourvintage.com\/contacto\/"},"modified":"2024-04-17T13:02:47","modified_gmt":"2024-04-17T11:02:47","slug":"contact","status":"publish","type":"page","link":"https:\/\/www.tourvintage.com\/en\/contact\/","title":{"rendered":"Contact"},"content":{"rendered":"\t\t<div data-elementor-type=\"wp-post\" data-elementor-id=\"1789\" class=\"elementor elementor-1789 elementor-1091\">\n\t\t\t\t\t\t<section class=\"elementor-section elementor-top-section elementor-element elementor-element-baf34f8 elementor-section-height-min-height elementor-section-boxed elementor-section-height-default elementor-section-items-middle\" data-id=\"baf34f8\" data-element_type=\"section\" data-settings=\"{&quot;background_background&quot;:&quot;classic&quot;}\">\n\t\t\t\t\t\t\t<div class=\"elementor-background-overlay\"><\/div>\n\t\t\t\t\t\t\t<div class=\"elementor-container elementor-column-gap-default\">\n\t\t\t\t\t<div class=\"elementor-column elementor-col-100 elementor-top-column elementor-element elementor-element-2548c91\" data-id=\"2548c91\" data-element_type=\"column\">\n\t\t\t<div class=\"elementor-widget-wrap elementor-element-populated\">\n\t\t\t\t\t\t<div class=\"elementor-element elementor-element-bea7844 elementor-widget elementor-widget-spacer\" data-id=\"bea7844\" data-element_type=\"widget\" data-widget_type=\"spacer.default\">\n\t\t\t\t<div class=\"elementor-widget-container\">\n\t\t\t\t\t<div class=\"elementor-spacer\">\n\t\t\t<div class=\"elementor-spacer-inner\"><\/div>\n\t\t<\/div>\n\t\t\t\t<\/div>\n\t\t\t\t<\/div>\n\t\t\t\t\t<\/div>\n\t\t<\/div>\n\t\t\t\t\t<\/div>\n\t\t<\/section>\n\t\t\t\t<section class=\"elementor-section elementor-top-section elementor-element elementor-element-qgk6sn0 elementor-section-boxed elementor-section-height-default elementor-section-height-default\" data-id=\"qgk6sn0\" data-element_type=\"section\">\n\t\t\t\t\t\t<div class=\"elementor-container elementor-column-gap-default\">\n\t\t\t\t\t<div class=\"elementor-column elementor-col-100 elementor-top-column elementor-element elementor-element-uaw4tj7\" data-id=\"uaw4tj7\" data-element_type=\"column\">\n\t\t\t<div class=\"elementor-widget-wrap elementor-element-populated\">\n\t\t\t\t\t\t<div class=\"elementor-element elementor-element-l1yaoi4 elementor-view-default elementor-position-top elementor-widget elementor-widget-themo-header\" data-id=\"l1yaoi4\" data-element_type=\"widget\" data-widget_type=\"themo-header.default\">\n\t\t\t\t<div class=\"elementor-widget-container\">\n\t\t\t\t\t<div class=\"th-header-wrap\">\n        <div class=\"elementor-icon-box-wrapper \">\n                            <div class=\"elementor-icon-box-content\">\n                    <h1 class=\"elementor-icon-box-title\">\n                        Contact Us                    <\/h1>\n                                        <p class=\"elementor-icon-box-description\">We are at your disposal to answer your questions<\/p>\n\n                                    <\/div>\n            <\/div>\n\n        <\/div>\n\n\t\t\t\t<\/div>\n\t\t\t\t<\/div>\n\t\t\t\t\t<\/div>\n\t\t<\/div>\n\t\t\t\t\t<\/div>\n\t\t<\/section>\n\t\t\t\t<section class=\"elementor-section elementor-top-section elementor-element elementor-element-o7twky5 elementor-section-boxed elementor-section-height-default elementor-section-height-default\" data-id=\"o7twky5\" data-element_type=\"section\">\n\t\t\t\t\t\t<div class=\"elementor-container elementor-column-gap-extended\">\n\t\t\t\t\t<div class=\"elementor-column elementor-col-50 elementor-top-column elementor-element elementor-element-xcn0qg2\" data-id=\"xcn0qg2\" data-element_type=\"column\">\n\t\t\t<div class=\"elementor-widget-wrap elementor-element-populated\">\n\t\t\t\t\t\t<div class=\"elementor-element elementor-element-6ca7dd4 elementor-widget elementor-widget-image\" data-id=\"6ca7dd4\" data-element_type=\"widget\" data-widget_type=\"image.default\">\n\t\t\t\t<div class=\"elementor-widget-container\">\n\t\t\t\t\t\t\t\t\t\t\t\t\t<img decoding=\"async\" width=\"140\" height=\"137\" src=\"https:\/\/www.tourvintage.com\/wp-content\/uploads\/2024\/02\/logo-n-140.png\" class=\"attachment-large size-large wp-image-169\" alt=\"Tour Vintage\" srcset=\"https:\/\/www.tourvintage.com\/wp-content\/uploads\/2024\/02\/logo-n-140.png 140w, https:\/\/www.tourvintage.com\/wp-content\/uploads\/2024\/02\/logo-n-140-82x80.png 82w\" sizes=\"(max-width: 140px) 100vw, 140px\" \/>\t\t\t\t\t\t\t\t\t\t\t\t\t<\/div>\n\t\t\t\t<\/div>\n\t\t\t\t<div class=\"elementor-element elementor-element-aeddb76 elementor-icon-list--layout-traditional elementor-list-item-link-full_width elementor-widget elementor-widget-icon-list\" data-id=\"aeddb76\" data-element_type=\"widget\" data-widget_type=\"icon-list.default\">\n\t\t\t\t<div class=\"elementor-widget-container\">\n\t\t\t\t\t<ul class=\"elementor-icon-list-items\">\n\t\t\t\t\t\t\t<li class=\"elementor-icon-list-item\">\n\t\t\t\t\t\t\t\t\t\t\t<a href=\"tel:34601212665%20\">\n\n\t\t\t\t\t\t\t\t\t\t\t\t<span class=\"elementor-icon-list-icon\">\n\t\t\t\t\t\t\t<i aria-hidden=\"true\" class=\"fas fa-phone\"><\/i>\t\t\t\t\t\t<\/span>\n\t\t\t\t\t\t\t\t\t\t<span class=\"elementor-icon-list-text\">(+34) 601 212 665  <\/span>\n\t\t\t\t\t\t\t\t\t\t\t<\/a>\n\t\t\t\t\t\t\t\t\t<\/li>\n\t\t\t\t\t\t\t\t<li class=\"elementor-icon-list-item\">\n\t\t\t\t\t\t\t\t\t\t\t<a href=\"https:\/\/wa.me\/34601212665%20%20\">\n\n\t\t\t\t\t\t\t\t\t\t\t\t<span class=\"elementor-icon-list-icon\">\n\t\t\t\t\t\t\t<i aria-hidden=\"true\" class=\"fab fa-whatsapp\"><\/i>\t\t\t\t\t\t<\/span>\n\t\t\t\t\t\t\t\t\t\t<span class=\"elementor-icon-list-text\">(+34) 601 212 665  <\/span>\n\t\t\t\t\t\t\t\t\t\t\t<\/a>\n\t\t\t\t\t\t\t\t\t<\/li>\n\t\t\t\t\t\t\t\t<li class=\"elementor-icon-list-item\">\n\t\t\t\t\t\t\t\t\t\t\t<a href=\"#\">\n\n\t\t\t\t\t\t\t\t\t\t\t\t<span class=\"elementor-icon-list-icon\">\n\t\t\t\t\t\t\t<i aria-hidden=\"true\" class=\"fas fa-map-marker-alt\"><\/i>\t\t\t\t\t\t<\/span>\n\t\t\t\t\t\t\t\t\t\t<span class=\"elementor-icon-list-text\">C\/ General O'Donnell n\u00ba 22 Bajo 03003 Alicante (Espa\u00f1a)<\/span>\n\t\t\t\t\t\t\t\t\t\t\t<\/a>\n\t\t\t\t\t\t\t\t\t<\/li>\n\t\t\t\t\t\t<\/ul>\n\t\t\t\t<\/div>\n\t\t\t\t<\/div>\n\t\t\t\t<div class=\"elementor-element elementor-element-chif2hj elementor-widget elementor-widget-spacer\" data-id=\"chif2hj\" data-element_type=\"widget\" data-widget_type=\"spacer.default\">\n\t\t\t\t<div class=\"elementor-widget-container\">\n\t\t\t\t\t<div class=\"elementor-spacer\">\n\t\t\t<div class=\"elementor-spacer-inner\"><\/div>\n\t\t<\/div>\n\t\t\t\t<\/div>\n\t\t\t\t<\/div>\n\t\t\t\t<div class=\"elementor-element elementor-element-ba50942 elementor-widget elementor-widget-html\" data-id=\"ba50942\" data-element_type=\"widget\" data-widget_type=\"html.default\">\n\t\t\t\t<div class=\"elementor-widget-container\">\n\t\t\t<iframe src=\"https:\/\/www.google.com\/maps\/embed?pb=!1m18!1m12!1m3!1d3129.1614115484235!2d-0.49380028754431365!3d38.345245971729796!2m3!1f0!2f0!3f0!3m2!1i1024!2i768!4f13.1!3m3!1m2!1s0xd62364dba1e4fc5%3A0x718c6c47fa37cf56!2sC%2F%20Gral.%20O%C2%B4Donnell%2C%2022%2C%2003003%20Alicante%20(Alacant)%2C%20Alicante!5e0!3m2!1ses!2ses!4v1710495160735!5m2!1ses!2ses\" width=\"100%\" height=\"300\" style=\"border:0;\" allowfullscreen=\"\" loading=\"lazy\" referrerpolicy=\"no-referrer-when-downgrade\"><\/iframe>\t\t<\/div>\n\t\t\t\t<\/div>\n\t\t\t\t<div class=\"elementor-element elementor-element-5p7axkt elementor-widget elementor-widget-spacer\" data-id=\"5p7axkt\" data-element_type=\"widget\" data-widget_type=\"spacer.default\">\n\t\t\t\t<div class=\"elementor-widget-container\">\n\t\t\t\t\t<div class=\"elementor-spacer\">\n\t\t\t<div class=\"elementor-spacer-inner\"><\/div>\n\t\t<\/div>\n\t\t\t\t<\/div>\n\t\t\t\t<\/div>\n\t\t\t\t<div class=\"elementor-element elementor-element-nmrl6i8 elementor-widget elementor-widget-spacer\" data-id=\"nmrl6i8\" data-element_type=\"widget\" data-widget_type=\"spacer.default\">\n\t\t\t\t<div class=\"elementor-widget-container\">\n\t\t\t\t\t<div class=\"elementor-spacer\">\n\t\t\t<div class=\"elementor-spacer-inner\"><\/div>\n\t\t<\/div>\n\t\t\t\t<\/div>\n\t\t\t\t<\/div>\n\t\t\t\t\t<\/div>\n\t\t<\/div>\n\t\t\t\t<div class=\"elementor-column elementor-col-50 elementor-top-column elementor-element elementor-element-mfjhgsy\" data-id=\"mfjhgsy\" data-element_type=\"column\">\n\t\t\t<div class=\"elementor-widget-wrap elementor-element-populated\">\n\t\t\t\t\t\t<div class=\"elementor-element elementor-element-ce29aeb elementor-view-default elementor-position-top elementor-widget elementor-widget-themo-header\" data-id=\"ce29aeb\" data-element_type=\"widget\" data-widget_type=\"themo-header.default\">\n\t\t\t\t<div class=\"elementor-widget-container\">\n\t\t\t\t\t<div class=\"th-header-wrap\">\n        <div class=\"elementor-icon-box-wrapper \">\n                            <div class=\"elementor-icon-box-content\">\n                    <h3 class=\"elementor-icon-box-title\">\n                        Contact Form                    <\/h3>\n                                        <p class=\"elementor-icon-box-description\">Fill out the following form and we will get back to you as soon as possible<\/p>\n\n                                    <\/div>\n            <\/div>\n\n        <\/div>\n\n\t\t\t\t<\/div>\n\t\t\t\t<\/div>\n\t\t\t\t<div class=\"elementor-element elementor-element-9162e24 elementor-widget elementor-widget-shortcode\" data-id=\"9162e24\" data-element_type=\"widget\" data-widget_type=\"shortcode.default\">\n\t\t\t\t<div class=\"elementor-widget-container\">\n\t\t\t\t\t<div class=\"elementor-shortcode\">\n<div class=\"wpcf7 no-js\" id=\"wpcf7-f1795-o1\" lang=\"es-ES\" dir=\"ltr\">\n<div class=\"screen-reader-response\"><p role=\"status\" aria-live=\"polite\" aria-atomic=\"true\"><\/p> <ul><\/ul><\/div>\n<form action=\"\/en\/wp-json\/wp\/v2\/pages\/1789#wpcf7-f1795-o1\" method=\"post\" class=\"wpcf7-form init\" aria-label=\"Formulario de contacto\" novalidate=\"novalidate\" data-status=\"init\">\n<div style=\"display: none;\">\n<input type=\"hidden\" name=\"_wpcf7\" value=\"1795\" \/>\n<input type=\"hidden\" name=\"_wpcf7_version\" value=\"5.9.5\" \/>\n<input type=\"hidden\" name=\"_wpcf7_locale\" value=\"es_ES\" \/>\n<input type=\"hidden\" name=\"_wpcf7_unit_tag\" value=\"wpcf7-f1795-o1\" \/>\n<input type=\"hidden\" name=\"_wpcf7_container_post\" value=\"0\" \/>\n<input type=\"hidden\" name=\"_wpcf7_posted_data_hash\" value=\"\" \/>\n<input type=\"hidden\" name=\"_wpcf7_recaptcha_response\" value=\"\" \/>\n<\/div>\n<p><span class=\"wpcf7-form-control-wrap\" data-name=\"your-name\"><input size=\"40\" class=\"wpcf7-form-control wpcf7-text wpcf7-validates-as-required\" autocomplete=\"name\" aria-required=\"true\" aria-invalid=\"false\" placeholder=\"Name\" value=\"\" type=\"text\" name=\"your-name\" \/><\/span>\n<\/p>\n<p><span class=\"wpcf7-form-control-wrap\" data-name=\"your-email\"><input size=\"40\" class=\"wpcf7-form-control wpcf7-email wpcf7-validates-as-required wpcf7-text wpcf7-validates-as-email\" autocomplete=\"email\" aria-required=\"true\" aria-invalid=\"false\" placeholder=\"Email\" value=\"\" type=\"email\" name=\"your-email\" \/><\/span>\n<\/p>\n<p><span class=\"wpcf7-form-control-wrap\" data-name=\"telefono\"><input size=\"40\" class=\"wpcf7-form-control wpcf7-tel wpcf7-text wpcf7-validates-as-tel\" autocomplete=\"tel\" aria-invalid=\"false\" placeholder=\"Phone\" value=\"\" type=\"tel\" name=\"telefono\" \/><\/span>\n<\/p>\n<p><span class=\"wpcf7-form-control-wrap\" data-name=\"your-message\"><textarea cols=\"40\" rows=\"10\" class=\"wpcf7-form-control wpcf7-textarea\" aria-invalid=\"false\" placeholder=\"Message\" name=\"your-message\"><\/textarea><\/span>\n<\/p>\n<p><span class=\"wpcf7-form-control-wrap\" data-name=\"acceptance-8\"><span class=\"wpcf7-form-control wpcf7-acceptance\"><span class=\"wpcf7-list-item\"><label><input type=\"checkbox\" name=\"acceptance-8\" value=\"1\" aria-invalid=\"false\" \/><span class=\"wpcf7-list-item-label\">I have understood and accept the <a href=\"#\" rel=\"nofollow\">Terms and Conditions<\/a> and the <a href=\"#\" rel=\"nofollow\">Privacy Policy<\/a>, giving my informed consent.<\/span><\/label><\/span><\/span><\/span>\n<\/p>\n<p><input class=\"wpcf7-form-control wpcf7-submit has-spinner\" type=\"submit\" value=\"Send\" \/>\n<\/p><div class=\"wpcf7-response-output\" aria-hidden=\"true\"><\/div>\n<\/form>\n<\/div>\n<\/div>\n\t\t\t\t<\/div>\n\t\t\t\t<\/div>\n\t\t\t\t<div class=\"elementor-element elementor-element-082fdbb elementor-widget elementor-widget-html\" data-id=\"082fdbb\" data-element_type=\"widget\" data-widget_type=\"html.default\">\n\t\t\t\t<div class=\"elementor-widget-container\">\n\t\t\t<p style=\"font-size: .7em; color: #999;\">Protegido por reCAPTCHA de Google \u00b7 <a href=\"\/\/www.google.com\/intl\/es\/policies\/privacy\/\" target=\"_blank\" rel=\"nofollow noopener\">Privacidad<\/a> y <a href=\"\/\/www.google.com\/intl\/es\/policies\/terms\/\" target=\"_blank\" rel=\"nofollow noopener\">Condiciones<\/a><\/p>\t\t<\/div>\n\t\t\t\t<\/div>\n\t\t\t\t\t<\/div>\n\t\t<\/div>\n\t\t\t\t\t<\/div>\n\t\t<\/section>\n\t\t\t\t<section class=\"elementor-section elementor-top-section elementor-element elementor-element-bqlt0sn elementor-section-boxed elementor-section-height-default elementor-section-height-default\" data-id=\"bqlt0sn\" data-element_type=\"section\">\n\t\t\t\t\t\t<div class=\"elementor-container elementor-column-gap-default\">\n\t\t\t\t\t<div class=\"elementor-column elementor-col-100 elementor-top-column elementor-element elementor-element-gcm8twg\" data-id=\"gcm8twg\" data-element_type=\"column\">\n\t\t\t<div class=\"elementor-widget-wrap elementor-element-populated\">\n\t\t\t\t\t\t<div class=\"elementor-element elementor-element-51xhzgf elementor-widget elementor-widget-spacer\" data-id=\"51xhzgf\" data-element_type=\"widget\" data-widget_type=\"spacer.default\">\n\t\t\t\t<div class=\"elementor-widget-container\">\n\t\t\t\t\t<div class=\"elementor-spacer\">\n\t\t\t<div class=\"elementor-spacer-inner\"><\/div>\n\t\t<\/div>\n\t\t\t\t<\/div>\n\t\t\t\t<\/div>\n\t\t\t\t\t<\/div>\n\t\t<\/div>\n\t\t\t\t\t<\/div>\n\t\t<\/section>\n\t\t\t\t<section class=\"elementor-section elementor-top-section elementor-element elementor-element-7c2b4f8 elementor-section-boxed elementor-section-height-default elementor-section-height-default\" data-id=\"7c2b4f8\" data-element_type=\"section\">\n\t\t\t\t\t\t<div class=\"elementor-container elementor-column-gap-default\">\n\t\t\t\t\t<div class=\"elementor-column elementor-col-100 elementor-top-column elementor-element elementor-element-f683469\" data-id=\"f683469\" data-element_type=\"column\">\n\t\t\t<div class=\"elementor-widget-wrap\">\n\t\t\t\t\t\t\t<\/div>\n\t\t<\/div>\n\t\t\t\t\t<\/div>\n\t\t<\/section>\n\t\t\t\t<\/div>\n\t\t","protected":false},"excerpt":{"rendered":"<p>Contact Us We are at your disposal to answer your questions (+34) 601 212 665 (+34) 601 212 665 C\/ General O&#8217;Donnell n\u00ba 22 Bajo 03003 Alicante (Espa\u00f1a) Contact Form Fill out the following form and we will get back &hellip; <a href=\"https:\/\/www.tourvintage.com\/en\/contact\/\">Read More<\/a><\/p>\n","protected":false},"author":1,"featured_media":0,"parent":0,"menu_order":17,"comment_status":"closed","ping_status":"closed","template":"","meta":{"footnotes":""},"class_list":["post-1789","page","type-page","status-publish","hentry"],"yoast_head":"<!-- This site is optimized with the Yoast SEO plugin v22.8 - https:\/\/yoast.com\/wordpress\/plugins\/seo\/ -->\n<title>Contact - Tour Vintage por Alicante - Tours Privados en Kombi T1 por Alicante<\/title>\n<meta name=\"description\" content=\"En Tour Vintage estamos encantados de atenderte. D\u00e9jate llevar por la magia de nuestra encantadora ciudad a bordo una aut\u00e9ntica Combi.\" \/>\n<meta name=\"robots\" content=\"index, follow, max-snippet:-1, max-image-preview:large, max-video-preview:-1\" \/>\n<link rel=\"canonical\" href=\"https:\/\/www.tourvintage.com\/en\/contact\/\" \/>\n<meta property=\"og:locale\" content=\"en_US\" \/>\n<meta property=\"og:type\" content=\"article\" \/>\n<meta property=\"og:title\" content=\"Contact - Tour Vintage por Alicante - Tours Privados en Kombi T1 por Alicante\" \/>\n<meta property=\"og:description\" content=\"En Tour Vintage estamos encantados de atenderte. D\u00e9jate llevar por la magia de nuestra encantadora ciudad a bordo una aut\u00e9ntica Combi.\" \/>\n<meta property=\"og:url\" content=\"https:\/\/www.tourvintage.com\/en\/contact\/\" \/>\n<meta property=\"og:site_name\" content=\"Tour Vintage por Alicante - Tours Privados en Kombi T1 por Alicante\" \/>\n<meta property=\"article:modified_time\" content=\"2024-04-17T11:02:47+00:00\" \/>\n<meta property=\"og:image\" content=\"https:\/\/www.tourvintage.com\/wp-content\/uploads\/2024\/02\/logo-n-140.png\" \/>\n<meta name=\"twitter:card\" content=\"summary_large_image\" \/>\n<meta name=\"twitter:label1\" content=\"Est. reading time\" \/>\n\t<meta name=\"twitter:data1\" content=\"1 minute\" \/>\n<script type=\"application\/ld+json\" class=\"yoast-schema-graph\">{\"@context\":\"https:\/\/schema.org\",\"@graph\":[{\"@type\":\"WebPage\",\"@id\":\"https:\/\/www.tourvintage.com\/en\/contact\/\",\"url\":\"https:\/\/www.tourvintage.com\/en\/contact\/\",\"name\":\"Contact - Tour Vintage por Alicante - Tours Privados en Kombi T1 por Alicante\",\"isPartOf\":{\"@id\":\"https:\/\/www.tourvintage.com\/en\/#website\"},\"primaryImageOfPage\":{\"@id\":\"https:\/\/www.tourvintage.com\/en\/contact\/#primaryimage\"},\"image\":{\"@id\":\"https:\/\/www.tourvintage.com\/en\/contact\/#primaryimage\"},\"thumbnailUrl\":\"https:\/\/www.tourvintage.com\/wp-content\/uploads\/2024\/02\/logo-n-140.png\",\"datePublished\":\"2024-03-08T14:37:27+00:00\",\"dateModified\":\"2024-04-17T11:02:47+00:00\",\"description\":\"En Tour Vintage estamos encantados de atenderte. D\u00e9jate llevar por la magia de nuestra encantadora ciudad a bordo una aut\u00e9ntica Combi.\",\"breadcrumb\":{\"@id\":\"https:\/\/www.tourvintage.com\/en\/contact\/#breadcrumb\"},\"inLanguage\":\"en-US\",\"potentialAction\":[{\"@type\":\"ReadAction\",\"target\":[\"https:\/\/www.tourvintage.com\/en\/contact\/\"]}]},{\"@type\":\"ImageObject\",\"inLanguage\":\"en-US\",\"@id\":\"https:\/\/www.tourvintage.com\/en\/contact\/#primaryimage\",\"url\":\"https:\/\/www.tourvintage.com\/wp-content\/uploads\/2024\/02\/logo-n-140.png\",\"contentUrl\":\"https:\/\/www.tourvintage.com\/wp-content\/uploads\/2024\/02\/logo-n-140.png\"},{\"@type\":\"BreadcrumbList\",\"@id\":\"https:\/\/www.tourvintage.com\/en\/contact\/#breadcrumb\",\"itemListElement\":[{\"@type\":\"ListItem\",\"position\":1,\"name\":\"Portada\",\"item\":\"https:\/\/www.tourvintage.com\/en\/\"},{\"@type\":\"ListItem\",\"position\":2,\"name\":\"Contact\"}]},{\"@type\":\"WebSite\",\"@id\":\"https:\/\/www.tourvintage.com\/en\/#website\",\"url\":\"https:\/\/www.tourvintage.com\/en\/\",\"name\":\"Tour Vintage por Alicante - Tours Privados en Kombi T1 por Alicante\",\"description\":\"Descubre Alicante a bordo de una aut\u00e9ntica Volkswagen Kombi T1 de los a\u00f1os 60 y 70. Tours tur\u00edstivos vintage inolvidables.\",\"publisher\":{\"@id\":\"https:\/\/www.tourvintage.com\/en\/#organization\"},\"potentialAction\":[{\"@type\":\"SearchAction\",\"target\":{\"@type\":\"EntryPoint\",\"urlTemplate\":\"https:\/\/www.tourvintage.com\/en\/?s={search_term_string}\"},\"query-input\":\"required name=search_term_string\"}],\"inLanguage\":\"en-US\"},{\"@type\":\"Organization\",\"@id\":\"https:\/\/www.tourvintage.com\/en\/#organization\",\"name\":\"Tour Vintage por Alicante - Tours Privados en Kombi T1 por Alicante\",\"url\":\"https:\/\/www.tourvintage.com\/en\/\",\"logo\":{\"@type\":\"ImageObject\",\"inLanguage\":\"en-US\",\"@id\":\"https:\/\/www.tourvintage.com\/en\/#\/schema\/logo\/image\/\",\"url\":\"https:\/\/www.tourvintage.com\/wp-content\/uploads\/2024\/02\/logo-n-140.png\",\"contentUrl\":\"https:\/\/www.tourvintage.com\/wp-content\/uploads\/2024\/02\/logo-n-140.png\",\"width\":140,\"height\":137,\"caption\":\"Tour Vintage por Alicante - Tours Privados en Kombi T1 por Alicante\"},\"image\":{\"@id\":\"https:\/\/www.tourvintage.com\/en\/#\/schema\/logo\/image\/\"}}]}<\/script>\n<!-- \/ Yoast SEO plugin. -->","yoast_head_json":{"title":"Contact - Tour Vintage por Alicante - Tours Privados en Kombi T1 por Alicante","description":"En Tour Vintage estamos encantados de atenderte. D\u00e9jate llevar por la magia de nuestra encantadora ciudad a bordo una aut\u00e9ntica Combi.","robots":{"index":"index","follow":"follow","max-snippet":"max-snippet:-1","max-image-preview":"max-image-preview:large","max-video-preview":"max-video-preview:-1"},"canonical":"https:\/\/www.tourvintage.com\/en\/contact\/","og_locale":"en_US","og_type":"article","og_title":"Contact - Tour Vintage por Alicante - Tours Privados en Kombi T1 por Alicante","og_description":"En Tour Vintage estamos encantados de atenderte. D\u00e9jate llevar por la magia de nuestra encantadora ciudad a bordo una aut\u00e9ntica Combi.","og_url":"https:\/\/www.tourvintage.com\/en\/contact\/","og_site_name":"Tour Vintage por Alicante - Tours Privados en Kombi T1 por Alicante","article_modified_time":"2024-04-17T11:02:47+00:00","og_image":[{"url":"https:\/\/www.tourvintage.com\/wp-content\/uploads\/2024\/02\/logo-n-140.png"}],"twitter_card":"summary_large_image","twitter_misc":{"Est. reading time":"1 minute"},"schema":{"@context":"https:\/\/schema.org","@graph":[{"@type":"WebPage","@id":"https:\/\/www.tourvintage.com\/en\/contact\/","url":"https:\/\/www.tourvintage.com\/en\/contact\/","name":"Contact - Tour Vintage por Alicante - Tours Privados en Kombi T1 por Alicante","isPartOf":{"@id":"https:\/\/www.tourvintage.com\/en\/#website"},"primaryImageOfPage":{"@id":"https:\/\/www.tourvintage.com\/en\/contact\/#primaryimage"},"image":{"@id":"https:\/\/www.tourvintage.com\/en\/contact\/#primaryimage"},"thumbnailUrl":"https:\/\/www.tourvintage.com\/wp-content\/uploads\/2024\/02\/logo-n-140.png","datePublished":"2024-03-08T14:37:27+00:00","dateModified":"2024-04-17T11:02:47+00:00","description":"En Tour Vintage estamos encantados de atenderte. D\u00e9jate llevar por la magia de nuestra encantadora ciudad a bordo una aut\u00e9ntica Combi.","breadcrumb":{"@id":"https:\/\/www.tourvintage.com\/en\/contact\/#breadcrumb"},"inLanguage":"en-US","potentialAction":[{"@type":"ReadAction","target":["https:\/\/www.tourvintage.com\/en\/contact\/"]}]},{"@type":"ImageObject","inLanguage":"en-US","@id":"https:\/\/www.tourvintage.com\/en\/contact\/#primaryimage","url":"https:\/\/www.tourvintage.com\/wp-content\/uploads\/2024\/02\/logo-n-140.png","contentUrl":"https:\/\/www.tourvintage.com\/wp-content\/uploads\/2024\/02\/logo-n-140.png"},{"@type":"BreadcrumbList","@id":"https:\/\/www.tourvintage.com\/en\/contact\/#breadcrumb","itemListElement":[{"@type":"ListItem","position":1,"name":"Portada","item":"https:\/\/www.tourvintage.com\/en\/"},{"@type":"ListItem","position":2,"name":"Contact"}]},{"@type":"WebSite","@id":"https:\/\/www.tourvintage.com\/en\/#website","url":"https:\/\/www.tourvintage.com\/en\/","name":"Tour Vintage por Alicante - Tours Privados en Kombi T1 por Alicante","description":"Descubre Alicante a bordo de una aut\u00e9ntica Volkswagen Kombi T1 de los a\u00f1os 60 y 70. Tours tur\u00edstivos vintage inolvidables.","publisher":{"@id":"https:\/\/www.tourvintage.com\/en\/#organization"},"potentialAction":[{"@type":"SearchAction","target":{"@type":"EntryPoint","urlTemplate":"https:\/\/www.tourvintage.com\/en\/?s={search_term_string}"},"query-input":"required name=search_term_string"}],"inLanguage":"en-US"},{"@type":"Organization","@id":"https:\/\/www.tourvintage.com\/en\/#organization","name":"Tour Vintage por Alicante - Tours Privados en Kombi T1 por Alicante","url":"https:\/\/www.tourvintage.com\/en\/","logo":{"@type":"ImageObject","inLanguage":"en-US","@id":"https:\/\/www.tourvintage.com\/en\/#\/schema\/logo\/image\/","url":"https:\/\/www.tourvintage.com\/wp-content\/uploads\/2024\/02\/logo-n-140.png","contentUrl":"https:\/\/www.tourvintage.com\/wp-content\/uploads\/2024\/02\/logo-n-140.png","width":140,"height":137,"caption":"Tour Vintage por Alicante - Tours Privados en Kombi T1 por Alicante"},"image":{"@id":"https:\/\/www.tourvintage.com\/en\/#\/schema\/logo\/image\/"}}]}},"_links":{"self":[{"href":"https:\/\/www.tourvintage.com\/en\/wp-json\/wp\/v2\/pages\/1789","targetHints":{"allow":["GET"]}}],"collection":[{"href":"https:\/\/www.tourvintage.com\/en\/wp-json\/wp\/v2\/pages"}],"about":[{"href":"https:\/\/www.tourvintage.com\/en\/wp-json\/wp\/v2\/types\/page"}],"author":[{"embeddable":true,"href":"https:\/\/www.tourvintage.com\/en\/wp-json\/wp\/v2\/users\/1"}],"replies":[{"embeddable":true,"href":"https:\/\/www.tourvintage.com\/en\/wp-json\/wp\/v2\/comments?post=1789"}],"version-history":[{"count":14,"href":"https:\/\/www.tourvintage.com\/en\/wp-json\/wp\/v2\/pages\/1789\/revisions"}],"predecessor-version":[{"id":1830,"href":"https:\/\/www.tourvintage.com\/en\/wp-json\/wp\/v2\/pages\/1789\/revisions\/1830"}],"wp:attachment":[{"href":"https:\/\/www.tourvintage.com\/en\/wp-json\/wp\/v2\/media?parent=1789"}],"curies":[{"name":"wp","href":"https:\/\/api.w.org\/{rel}","templated":true}]}}