{"id":2719,"date":"2017-06-07T16:45:21","date_gmt":"2017-06-07T14:45:21","guid":{"rendered":"https:\/\/www.tourvintage.com\/blog\/"},"modified":"2025-01-16T17:44:27","modified_gmt":"2025-01-16T16:44:27","slug":"blog","status":"publish","type":"page","link":"https:\/\/www.tourvintage.com\/en\/blog\/","title":{"rendered":"Blog"},"content":{"rendered":"\t\t<div data-elementor-type=\"wp-post\" data-elementor-id=\"2719\" class=\"elementor elementor-2719 elementor-44\">\n\t\t\t\t\t\t<section class=\"elementor-section elementor-top-section elementor-element elementor-element-axm2p4l elementor-section-height-min-height elementor-section-boxed elementor-section-height-default elementor-section-items-middle\" data-id=\"axm2p4l\" data-element_type=\"section\" data-settings=\"{&quot;background_background&quot;:&quot;classic&quot;}\">\n\t\t\t\t\t\t\t<div class=\"elementor-background-overlay\"><\/div>\n\t\t\t\t\t\t\t<div class=\"elementor-container elementor-column-gap-default\">\n\t\t\t\t\t<div class=\"elementor-column elementor-col-100 elementor-top-column elementor-element elementor-element-eg989yn\" data-id=\"eg989yn\" data-element_type=\"column\">\n\t\t\t<div class=\"elementor-widget-wrap elementor-element-populated\">\n\t\t\t\t\t\t<div class=\"elementor-element elementor-element-zr62owr elementor-widget elementor-widget-spacer\" data-id=\"zr62owr\" data-element_type=\"widget\" data-widget_type=\"spacer.default\">\n\t\t\t\t<div class=\"elementor-widget-container\">\n\t\t\t\t\t<div class=\"elementor-spacer\">\n\t\t\t<div class=\"elementor-spacer-inner\"><\/div>\n\t\t<\/div>\n\t\t\t\t<\/div>\n\t\t\t\t<\/div>\n\t\t\t\t<div class=\"elementor-element elementor-element-6e0rano elementor-view-default elementor-position-top elementor-widget elementor-widget-themo-header\" data-id=\"6e0rano\" data-element_type=\"widget\" data-widget_type=\"themo-header.default\">\n\t\t\t\t<div class=\"elementor-widget-container\">\n\t\t\t\t\t<div class=\"th-header-wrap\">\n        <div class=\"elementor-icon-box-wrapper \">\n                            <div class=\"elementor-icon-box-content\">\n                    <h1 class=\"elementor-icon-box-title\">\n                        Blog                    <\/h1>\n                                        <p class=\"elementor-icon-box-description\"><\/p>\n\n                                    <\/div>\n            <\/div>\n\n        <\/div>\n\n\t\t\t\t<\/div>\n\t\t\t\t<\/div>\n\t\t\t\t\t<\/div>\n\t\t<\/div>\n\t\t\t\t\t<\/div>\n\t\t<\/section>\n\t\t\t\t<section class=\"elementor-section elementor-top-section elementor-element elementor-element-vkt1dv8 elementor-section-boxed elementor-section-height-default elementor-section-height-default\" data-id=\"vkt1dv8\" data-element_type=\"section\">\n\t\t\t\t\t\t<div class=\"elementor-container elementor-column-gap-default\">\n\t\t\t\t\t<div class=\"elementor-column elementor-col-100 elementor-top-column elementor-element elementor-element-xo5h9bj\" data-id=\"xo5h9bj\" data-element_type=\"column\">\n\t\t\t<div class=\"elementor-widget-wrap elementor-element-populated\">\n\t\t\t\t\t\t<div class=\"elementor-element elementor-element-h6bnfn5 elementor-widget elementor-widget-spacer\" data-id=\"h6bnfn5\" data-element_type=\"widget\" data-widget_type=\"spacer.default\">\n\t\t\t\t<div class=\"elementor-widget-container\">\n\t\t\t\t\t<div class=\"elementor-spacer\">\n\t\t\t<div class=\"elementor-spacer-inner\"><\/div>\n\t\t<\/div>\n\t\t\t\t<\/div>\n\t\t\t\t<\/div>\n\t\t\t\t\t<\/div>\n\t\t<\/div>\n\t\t\t\t\t<\/div>\n\t\t<\/section>\n\t\t\t\t<\/div>\n\t\t","protected":false},"excerpt":{"rendered":"<p>Blog<\/p>\n","protected":false},"author":1,"featured_media":0,"parent":0,"menu_order":13,"comment_status":"closed","ping_status":"closed","template":"templates\/blog-masonry.php","meta":{"footnotes":""},"class_list":["post-2719","page","type-page","status-publish","hentry"],"yoast_head":"<!-- This site is optimized with the Yoast SEO plugin v22.8 - https:\/\/yoast.com\/wordpress\/plugins\/seo\/ -->\n<title>Blog - Tour Vintage por Alicante - Tours Privados en Kombi T1 por Alicante<\/title>\n<meta name=\"robots\" content=\"index, follow, max-snippet:-1, max-image-preview:large, max-video-preview:-1\" \/>\n<link rel=\"canonical\" href=\"https:\/\/www.tourvintage.com\/en\/blog\/\" \/>\n<meta property=\"og:locale\" content=\"en_US\" \/>\n<meta property=\"og:type\" content=\"article\" \/>\n<meta property=\"og:title\" content=\"Blog - Tour Vintage por Alicante - Tours Privados en Kombi T1 por Alicante\" \/>\n<meta property=\"og:description\" content=\"Blog\" \/>\n<meta property=\"og:url\" content=\"https:\/\/www.tourvintage.com\/en\/blog\/\" \/>\n<meta property=\"og:site_name\" content=\"Tour Vintage por Alicante - Tours Privados en Kombi T1 por Alicante\" \/>\n<meta property=\"article:modified_time\" content=\"2025-01-16T16:44:27+00:00\" \/>\n<meta name=\"twitter:card\" content=\"summary_large_image\" \/>\n<script type=\"application\/ld+json\" class=\"yoast-schema-graph\">{\"@context\":\"https:\/\/schema.org\",\"@graph\":[{\"@type\":\"WebPage\",\"@id\":\"https:\/\/www.tourvintage.com\/en\/blog\/\",\"url\":\"https:\/\/www.tourvintage.com\/en\/blog\/\",\"name\":\"Blog - Tour Vintage por Alicante - Tours Privados en Kombi T1 por Alicante\",\"isPartOf\":{\"@id\":\"https:\/\/www.tourvintage.com\/en\/#website\"},\"datePublished\":\"2017-06-07T14:45:21+00:00\",\"dateModified\":\"2025-01-16T16:44:27+00:00\",\"breadcrumb\":{\"@id\":\"https:\/\/www.tourvintage.com\/en\/blog\/#breadcrumb\"},\"inLanguage\":\"en-US\",\"potentialAction\":[{\"@type\":\"ReadAction\",\"target\":[\"https:\/\/www.tourvintage.com\/en\/blog\/\"]}]},{\"@type\":\"BreadcrumbList\",\"@id\":\"https:\/\/www.tourvintage.com\/en\/blog\/#breadcrumb\",\"itemListElement\":[{\"@type\":\"ListItem\",\"position\":1,\"name\":\"Portada\",\"item\":\"https:\/\/www.tourvintage.com\/en\/\"},{\"@type\":\"ListItem\",\"position\":2,\"name\":\"Blog\"}]},{\"@type\":\"WebSite\",\"@id\":\"https:\/\/www.tourvintage.com\/en\/#website\",\"url\":\"https:\/\/www.tourvintage.com\/en\/\",\"name\":\"Tour Vintage por Alicante - Tours Privados en Kombi T1 por Alicante\",\"description\":\"Descubre Alicante a bordo de una aut\u00e9ntica Volkswagen Kombi T1 de los a\u00f1os 60 y 70. Tours tur\u00edstivos vintage inolvidables.\",\"publisher\":{\"@id\":\"https:\/\/www.tourvintage.com\/en\/#organization\"},\"potentialAction\":[{\"@type\":\"SearchAction\",\"target\":{\"@type\":\"EntryPoint\",\"urlTemplate\":\"https:\/\/www.tourvintage.com\/en\/?s={search_term_string}\"},\"query-input\":\"required name=search_term_string\"}],\"inLanguage\":\"en-US\"},{\"@type\":\"Organization\",\"@id\":\"https:\/\/www.tourvintage.com\/en\/#organization\",\"name\":\"Tour Vintage por Alicante - Tours Privados en Kombi T1 por Alicante\",\"url\":\"https:\/\/www.tourvintage.com\/en\/\",\"logo\":{\"@type\":\"ImageObject\",\"inLanguage\":\"en-US\",\"@id\":\"https:\/\/www.tourvintage.com\/en\/#\/schema\/logo\/image\/\",\"url\":\"https:\/\/www.tourvintage.com\/wp-content\/uploads\/2024\/02\/logo-n-140.png\",\"contentUrl\":\"https:\/\/www.tourvintage.com\/wp-content\/uploads\/2024\/02\/logo-n-140.png\",\"width\":140,\"height\":137,\"caption\":\"Tour Vintage por Alicante - Tours Privados en Kombi T1 por Alicante\"},\"image\":{\"@id\":\"https:\/\/www.tourvintage.com\/en\/#\/schema\/logo\/image\/\"}}]}<\/script>\n<!-- \/ Yoast SEO plugin. -->","yoast_head_json":{"title":"Blog - Tour Vintage por Alicante - Tours Privados en Kombi T1 por Alicante","robots":{"index":"index","follow":"follow","max-snippet":"max-snippet:-1","max-image-preview":"max-image-preview:large","max-video-preview":"max-video-preview:-1"},"canonical":"https:\/\/www.tourvintage.com\/en\/blog\/","og_locale":"en_US","og_type":"article","og_title":"Blog - Tour Vintage por Alicante - Tours Privados en Kombi T1 por Alicante","og_description":"Blog","og_url":"https:\/\/www.tourvintage.com\/en\/blog\/","og_site_name":"Tour Vintage por Alicante - Tours Privados en Kombi T1 por Alicante","article_modified_time":"2025-01-16T16:44:27+00:00","twitter_card":"summary_large_image","schema":{"@context":"https:\/\/schema.org","@graph":[{"@type":"WebPage","@id":"https:\/\/www.tourvintage.com\/en\/blog\/","url":"https:\/\/www.tourvintage.com\/en\/blog\/","name":"Blog - Tour Vintage por Alicante - Tours Privados en Kombi T1 por Alicante","isPartOf":{"@id":"https:\/\/www.tourvintage.com\/en\/#website"},"datePublished":"2017-06-07T14:45:21+00:00","dateModified":"2025-01-16T16:44:27+00:00","breadcrumb":{"@id":"https:\/\/www.tourvintage.com\/en\/blog\/#breadcrumb"},"inLanguage":"en-US","potentialAction":[{"@type":"ReadAction","target":["https:\/\/www.tourvintage.com\/en\/blog\/"]}]},{"@type":"BreadcrumbList","@id":"https:\/\/www.tourvintage.com\/en\/blog\/#breadcrumb","itemListElement":[{"@type":"ListItem","position":1,"name":"Portada","item":"https:\/\/www.tourvintage.com\/en\/"},{"@type":"ListItem","position":2,"name":"Blog"}]},{"@type":"WebSite","@id":"https:\/\/www.tourvintage.com\/en\/#website","url":"https:\/\/www.tourvintage.com\/en\/","name":"Tour Vintage por Alicante - Tours Privados en Kombi T1 por Alicante","description":"Descubre Alicante a bordo de una aut\u00e9ntica Volkswagen Kombi T1 de los a\u00f1os 60 y 70. Tours tur\u00edstivos vintage inolvidables.","publisher":{"@id":"https:\/\/www.tourvintage.com\/en\/#organization"},"potentialAction":[{"@type":"SearchAction","target":{"@type":"EntryPoint","urlTemplate":"https:\/\/www.tourvintage.com\/en\/?s={search_term_string}"},"query-input":"required name=search_term_string"}],"inLanguage":"en-US"},{"@type":"Organization","@id":"https:\/\/www.tourvintage.com\/en\/#organization","name":"Tour Vintage por Alicante - Tours Privados en Kombi T1 por Alicante","url":"https:\/\/www.tourvintage.com\/en\/","logo":{"@type":"ImageObject","inLanguage":"en-US","@id":"https:\/\/www.tourvintage.com\/en\/#\/schema\/logo\/image\/","url":"https:\/\/www.tourvintage.com\/wp-content\/uploads\/2024\/02\/logo-n-140.png","contentUrl":"https:\/\/www.tourvintage.com\/wp-content\/uploads\/2024\/02\/logo-n-140.png","width":140,"height":137,"caption":"Tour Vintage por Alicante - Tours Privados en Kombi T1 por Alicante"},"image":{"@id":"https:\/\/www.tourvintage.com\/en\/#\/schema\/logo\/image\/"}}]}},"_links":{"self":[{"href":"https:\/\/www.tourvintage.com\/en\/wp-json\/wp\/v2\/pages\/2719","targetHints":{"allow":["GET"]}}],"collection":[{"href":"https:\/\/www.tourvintage.com\/en\/wp-json\/wp\/v2\/pages"}],"about":[{"href":"https:\/\/www.tourvintage.com\/en\/wp-json\/wp\/v2\/types\/page"}],"author":[{"embeddable":true,"href":"https:\/\/www.tourvintage.com\/en\/wp-json\/wp\/v2\/users\/1"}],"replies":[{"embeddable":true,"href":"https:\/\/www.tourvintage.com\/en\/wp-json\/wp\/v2\/comments?post=2719"}],"version-history":[{"count":1,"href":"https:\/\/www.tourvintage.com\/en\/wp-json\/wp\/v2\/pages\/2719\/revisions"}],"predecessor-version":[{"id":2720,"href":"https:\/\/www.tourvintage.com\/en\/wp-json\/wp\/v2\/pages\/2719\/revisions\/2720"}],"wp:attachment":[{"href":"https:\/\/www.tourvintage.com\/en\/wp-json\/wp\/v2\/media?parent=2719"}],"curies":[{"name":"wp","href":"https:\/\/api.w.org\/{rel}","templated":true}]}}